{"id":43,"date":"2019-05-08T04:25:19","date_gmt":"2019-05-08T04:25:19","guid":{"rendered":"http:\/\/amistad-pir.ca\/our-contacts\/"},"modified":"2024-11-28T10:40:56","modified_gmt":"2024-11-28T15:40:56","slug":"our-contacts","status":"publish","type":"page","link":"http:\/\/amistad-pir.ca\/en\/our-contacts\/","title":{"rendered":"Our Contacts"},"content":{"rendered":"<div data-elementor-type=\"wp-post\" data-elementor-id=\"43\" class=\"elementor elementor-43\">\n\t\t\t\t\t\t<section class=\"elementor-section elementor-top-section elementor-element elementor-element-137bd72 elementor-section-boxed elementor-section-height-default elementor-section-height-default\" data-id=\"137bd72\" data-element_type=\"section\">\n\t\t\t\t\t\t<div class=\"elementor-container elementor-column-gap-extended\">\n\t\t\t\t\t<div class=\"elementor-column elementor-col-100 elementor-top-column elementor-element elementor-element-4d7b796 sc_inner_width_none sc_content_align_inherit sc_layouts_column_icons_position_left\" data-id=\"4d7b796\" data-element_type=\"column\">\n\t\t\t<div class=\"elementor-widget-wrap elementor-element-populated\">\n\t\t\t\t\t\t<div class=\"elementor-element elementor-element-b0367d1 sc_fly_static elementor-widget elementor-widget-spacer\" data-id=\"b0367d1\" data-element_type=\"widget\" data-widget_type=\"spacer.default\">\n\t\t\t\t<div class=\"elementor-widget-container\">\n\t\t\t\t\t\t\t<div class=\"elementor-spacer\">\n\t\t\t<div class=\"elementor-spacer-inner\"><\/div>\n\t\t<\/div>\n\t\t\t\t\t\t<\/div>\n\t\t\t\t<\/div>\n\t\t\t\t<div class=\"elementor-element elementor-element-130f318 sc_height_huge sc_fly_static elementor-widget elementor-widget-spacer\" data-id=\"130f318\" data-element_type=\"widget\" data-widget_type=\"spacer.default\">\n\t\t\t\t<div class=\"elementor-widget-container\">\n\t\t\t\t\t\t\t<div class=\"elementor-spacer\">\n\t\t\t<div class=\"elementor-spacer-inner\"><\/div>\n\t\t<\/div>\n\t\t\t\t\t\t<\/div>\n\t\t\t\t<\/div>\n\t\t\t\t\t<\/div>\n\t\t<\/div>\n\t\t\t\t\t<\/div>\n\t\t<\/section>\n\t\t\t\t<section class=\"elementor-section elementor-top-section elementor-element elementor-element-38977a8 elementor-section-stretched elementor-section-boxed elementor-section-height-default elementor-section-height-default\" data-id=\"38977a8\" data-element_type=\"section\" data-settings=\"{&quot;stretch_section&quot;:&quot;section-stretched&quot;,&quot;background_background&quot;:&quot;classic&quot;}\">\n\t\t\t\t\t\t<div class=\"elementor-container elementor-column-gap-extended\">\n\t\t\t\t\t<div class=\"elementor-column elementor-col-100 elementor-top-column elementor-element elementor-element-3764b1a sc_inner_width_none sc_content_align_inherit sc_layouts_column_icons_position_left\" data-id=\"3764b1a\" data-element_type=\"column\">\n\t\t\t<div class=\"elementor-widget-wrap elementor-element-populated\">\n\t\t\t\t\t\t<div class=\"elementor-element elementor-element-851a637 sc_fly_static elementor-widget elementor-widget-spacer\" data-id=\"851a637\" data-element_type=\"widget\" data-widget_type=\"spacer.default\">\n\t\t\t\t<div class=\"elementor-widget-container\">\n\t\t\t\t\t\t\t<div class=\"elementor-spacer\">\n\t\t\t<div class=\"elementor-spacer-inner\"><\/div>\n\t\t<\/div>\n\t\t\t\t\t\t<\/div>\n\t\t\t\t<\/div>\n\t\t\t\t<section class=\"elementor-section elementor-inner-section elementor-element elementor-element-3dd94e7 elementor-section-boxed elementor-section-height-default elementor-section-height-default\" data-id=\"3dd94e7\" data-element_type=\"section\">\n\t\t\t\t\t\t<div class=\"elementor-container elementor-column-gap-extended\">\n\t\t\t\t\t<div class=\"elementor-column elementor-col-25 elementor-inner-column elementor-element elementor-element-f405faf sc_layouts_hide_on_mobile sc_inner_width_none sc_content_align_inherit sc_layouts_column_icons_position_left\" data-id=\"f405faf\" data-element_type=\"column\">\n\t\t\t<div class=\"elementor-widget-wrap\">\n\t\t\t\t\t\t\t<\/div>\n\t\t<\/div>\n\t\t\t\t<div class=\"elementor-column elementor-col-25 elementor-inner-column elementor-element elementor-element-3b3f4be sc_layouts_column_align_center sc_layouts_column sc_inner_width_none sc_content_align_inherit sc_layouts_column_icons_position_left\" data-id=\"3b3f4be\" data-element_type=\"column\">\n\t\t\t<div class=\"elementor-widget-wrap elementor-element-populated\">\n\t\t\t\t\t\t<div class=\"elementor-element elementor-element-a897f62 sc_fly_static elementor-invisible elementor-widget elementor-widget-trx_sc_title\" data-id=\"a897f62\" data-element_type=\"widget\" data-settings=\"{&quot;_animation&quot;:&quot;fadeInDown&quot;}\" data-widget_type=\"trx_sc_title.default\">\n\t\t\t\t<div class=\"elementor-widget-container\">\n\t\t\t\t\t<div id=\"trx_sc_title_1024328784\"\n\t\tclass=\"sc_title  text_position_horizontal sc_title_default h1_tag_style\"><h2 class=\"sc_item_title sc_title_title sc_align_center sc_item_title_style_default h1_tag_style sc_item_title_tag\"><span class=\"sc_item_title_text\">Vous avez des questions?<\/span><\/h2><\/div><!-- \/.sc_title -->\t\t\t\t<\/div>\n\t\t\t\t<\/div>\n\t\t\t\t<div class=\"elementor-element elementor-element-45a4d80 sc_fly_static elementor-widget elementor-widget-spacer\" data-id=\"45a4d80\" data-element_type=\"widget\" data-widget_type=\"spacer.default\">\n\t\t\t\t<div class=\"elementor-widget-container\">\n\t\t\t\t\t\t\t<div class=\"elementor-spacer\">\n\t\t\t<div class=\"elementor-spacer-inner\"><\/div>\n\t\t<\/div>\n\t\t\t\t\t\t<\/div>\n\t\t\t\t<\/div>\n\t\t\t\t<div class=\"elementor-element elementor-element-4f4d799 sc_fly_static elementor-invisible elementor-widget elementor-widget-trx_sc_icons\" data-id=\"4f4d799\" data-element_type=\"widget\" data-settings=\"{&quot;_animation&quot;:&quot;fadeIn&quot;}\" data-widget_type=\"trx_sc_icons.default\">\n\t\t\t\t<div class=\"elementor-widget-container\">\n\t\t\t\t\t<div id=\"trx_sc_icons_1703625505\" \n\tclass=\"sc_icons sc_icons_default sc_icons_size_small sc_align_center\"><div class=\"sc_icons_columns_wrap sc_item_columns trx_addons_columns_wrap columns_padding_bottom columns_in_single_row\"><div class=\"trx_addons_column-1_3\"><div class=\"sc_icons_item\"><div class=\"sc_icons_icon sc_icon_type_ icon-humanum-maps-and-flags\"><span class=\"sc_icon_type_ icon-humanum-maps-and-flags\"><\/span><\/div><div class=\"sc_icons_item_details\"><h4 class=\"sc_icons_item_title\"><span>Adresse<\/span><\/h4><div class=\"sc_icons_item_description\"><span>5785 boulevard des Laurentides (suite 200), Laval , QC, Canada<\/span><\/div><\/div><\/div><\/div><div class=\"trx_addons_column-1_3\"><div class=\"sc_icons_item\"><div class=\"sc_icons_icon sc_icon_type_ icon-humanum-telephone\"><span class=\"sc_icon_type_ icon-humanum-telephone\"><\/span><\/div><div class=\"sc_icons_item_details\"><h4 class=\"sc_icons_item_title\"><span>T\u00e9l\u00e9phone<\/span><\/h4><div class=\"sc_icons_item_description\"><span>(450)736-0933<\/span><\/div><\/div><\/div><\/div><div class=\"trx_addons_column-1_3\"><div class=\"sc_icons_item\"><div class=\"sc_icons_icon sc_icon_type_ icon-humanum-black-back-closed-envelope-shape\"><span class=\"sc_icon_type_ icon-humanum-black-back-closed-envelope-shape\"><\/span><\/div><div class=\"sc_icons_item_details\"><h4 class=\"sc_icons_item_title\"><span>Courriel<\/span><\/h4><div class=\"sc_icons_item_description\"><span><a href=\"mailto:info@amistad-pir.org\">info@amistad-pir.org<\/a><\/span><\/div><\/div><\/div><\/div><\/div><\/div><!-- \/.sc_icons -->\t\t\t\t<\/div>\n\t\t\t\t<\/div>\n\t\t\t\t<div class=\"elementor-element elementor-element-d9ca2b5 sc_fly_static elementor-invisible elementor-widget elementor-widget-text-editor\" data-id=\"d9ca2b5\" data-element_type=\"widget\" data-settings=\"{&quot;_animation&quot;:&quot;fadeIn&quot;}\" data-widget_type=\"text-editor.default\">\n\t\t\t\t<div class=\"elementor-widget-container\">\n\t\t\t\t\t\t\t\t\t<p>N&rsquo;h\u00e9sitez pas \u00e0 nous contacter en remplissant le formulaire ci-dessous! Notre \u00e9quipe se fera un plaisir de vous r\u00e9pondre pour \u00e9changer avec vous.\u00a0<\/p>\t\t\t\t\t\t\t\t<\/div>\n\t\t\t\t<\/div>\n\t\t\t\t<div class=\"elementor-element elementor-element-05a9666 sc_fly_static elementor-widget elementor-widget-spacer\" data-id=\"05a9666\" data-element_type=\"widget\" data-widget_type=\"spacer.default\">\n\t\t\t\t<div class=\"elementor-widget-container\">\n\t\t\t\t\t\t\t<div class=\"elementor-spacer\">\n\t\t\t<div class=\"elementor-spacer-inner\"><\/div>\n\t\t<\/div>\n\t\t\t\t\t\t<\/div>\n\t\t\t\t<\/div>\n\t\t\t\t<div class=\"elementor-element elementor-element-b5eed4d sc_fly_static elementor-invisible elementor-widget elementor-widget-trx_sc_contact_form_7\" data-id=\"b5eed4d\" data-element_type=\"widget\" data-settings=\"{&quot;_animation&quot;:&quot;fadeIn&quot;}\" data-widget_type=\"trx_sc_contact_form_7.default\">\n\t\t\t\t<div class=\"elementor-widget-container\">\n\t\t\t\t\t\n<div class=\"wpcf7 no-js\" id=\"wpcf7-f173-o1\" lang=\"fr-FR\" dir=\"ltr\" data-wpcf7-id=\"173\">\n<div class=\"screen-reader-response\"><p role=\"status\" aria-live=\"polite\" aria-atomic=\"true\"><\/p> <ul><\/ul><\/div>\n<form action=\"\/en\/wp-json\/wp\/v2\/pages\/43#wpcf7-f173-o1\" method=\"post\" class=\"wpcf7-form init\" aria-label=\"Formulaire de contact\" novalidate=\"novalidate\" data-status=\"init\" data-trp-original-action=\"\/en\/wp-json\/wp\/v2\/pages\/43#wpcf7-f173-o1\">\n<fieldset class=\"hidden-fields-container\"><input type=\"hidden\" name=\"_wpcf7\" value=\"173\" \/><input type=\"hidden\" name=\"_wpcf7_version\" value=\"6.1.4\" \/><input type=\"hidden\" name=\"_wpcf7_locale\" value=\"fr_FR\" \/><input type=\"hidden\" name=\"_wpcf7_unit_tag\" value=\"wpcf7-f173-o1\" \/><input type=\"hidden\" name=\"_wpcf7_container_post\" value=\"0\" \/><input type=\"hidden\" name=\"_wpcf7_posted_data_hash\" value=\"\" \/>\n<\/fieldset>\n<p><script>(function() {\n\twindow.mc4wp = window.mc4wp || {\n\t\tlisteners: [],\n\t\tforms: {\n\t\t\ton: function(evt, cb) {\n\t\t\t\twindow.mc4wp.listeners.push(\n\t\t\t\t\t{\n\t\t\t\t\t\tevent   : evt,\n\t\t\t\t\t\tcallback: cb\n\t\t\t\t\t}\n\t\t\t\t);\n\t\t\t}\n\t\t}\n\t}\n})();\n<\/script><!-- Mailchimp for WordPress v4.11.1 - https:\/\/wordpress.org\/plugins\/mailchimp-for-wp\/ --><form id=\"mc4wp-form-1\" class=\"mc4wp-form mc4wp-form-172 mc4wp-form-basic\" method=\"post\" data-id=\"172\" data-name=\"newsletter\" ><div class=\"mc4wp-form-fields\"><p>\r\n<label>Name <\/label>\r\n<\/p>\r\n<input type=\"text\" name=\"FNAME\" required=\"\">\r\n\r\n<p>\r\n<label>Surname <\/label>\r\n<\/p>\r\n<input type=\"text\" name=\"LNAME\" required=\"\">\r\n<p>\r\n<label>Country <\/label>\r\n<\/p>\r\n    <select name=\"MMERGE6[country]\">\r\n        <option value=\"AF\">Afghanistan<\/option>\r\n        <option value=\"AX\">Aland Islands<\/option>\r\n        <option value=\"AL\">Albania<\/option>\r\n        <option value=\"DZ\">Algeria<\/option>\r\n        <option value=\"AS\">American Samoa<\/option>\r\n        <option value=\"AD\">Andorra<\/option>\r\n        <option value=\"AO\">Angola<\/option>\r\n        <option value=\"AI\">Anguilla<\/option>\r\n        <option value=\"AQ\">Antarctica<\/option>\r\n        <option value=\"AG\">Antigua and Barbuda<\/option>\r\n        <option value=\"AR\">Argentina<\/option>\r\n        <option value=\"AM\">Armenia<\/option>\r\n        <option value=\"AW\">Aruba<\/option>\r\n        <option value=\"AU\">Australia<\/option>\r\n        <option value=\"AT\">Austria<\/option>\r\n        <option value=\"AZ\">Azerbaijan<\/option>\r\n        <option value=\"BS\">Bahamas<\/option>\r\n        <option value=\"BH\">Bahrain<\/option>\r\n        <option value=\"BD\">Bangladesh<\/option>\r\n        <option value=\"BB\">Barbados<\/option>\r\n        <option value=\"BY\">Belarus<\/option>\r\n        <option value=\"BE\">Belgium<\/option>\r\n        <option value=\"BZ\">Belize<\/option>\r\n        <option value=\"BJ\">Benin<\/option>\r\n        <option value=\"BM\">Bermuda<\/option>\r\n        <option value=\"BT\">Bhutan<\/option>\r\n        <option value=\"BO\">Bolivia<\/option>\r\n        <option value=\"BQ\">Bonaire, Saint Eustatius and Saba<\/option>\r\n        <option value=\"BA\">Bosnia and Herzegovina<\/option>\r\n        <option value=\"BW\">Botswana<\/option>\r\n        <option value=\"BV\">Bouvet Island<\/option>\r\n        <option value=\"BR\">Brazil<\/option>\r\n        <option value=\"IO\">British Indian Ocean Territory<\/option>\r\n        <option value=\"VG\">British Virgin Islands<\/option>\r\n        <option value=\"BN\">Brunei<\/option>\r\n        <option value=\"BG\">Bulgaria<\/option>\r\n        <option value=\"BF\">Burkina Faso<\/option>\r\n        <option value=\"BI\">Burundi<\/option>\r\n        <option value=\"KH\">Cambodia<\/option>\r\n        <option value=\"CM\">Cameroon<\/option>\r\n        <option value=\"CA\" selected=\"true\">Canada<\/option>\r\n        <option value=\"CV\">Cape Verde<\/option>\r\n        <option value=\"KY\">Cayman Islands<\/option>\r\n        <option value=\"CF\">Central African Republic<\/option>\r\n        <option value=\"TD\">Chad<\/option>\r\n        <option value=\"CL\">Chile<\/option>\r\n        <option value=\"CN\">China<\/option>\r\n        <option value=\"CX\">Christmas Island<\/option>\r\n        <option value=\"CC\">Cocos Islands<\/option>\r\n        <option value=\"CO\">Colombia<\/option>\r\n        <option value=\"KM\">Comoros<\/option>\r\n        <option value=\"CK\">Cook Islands<\/option>\r\n        <option value=\"CR\">Costa Rica<\/option>\r\n        <option value=\"HR\">Croatia<\/option>\r\n        <option value=\"CU\">Cuba<\/option>\r\n        <option value=\"CW\">Curacao<\/option>\r\n        <option value=\"CY\">Cyprus<\/option>\r\n        <option value=\"CZ\">Czech Republic<\/option>\r\n        <option value=\"CD\">Democratic Republic of the Congo<\/option>\r\n        <option value=\"DK\">Denmark<\/option>\r\n        <option value=\"DJ\">Djibouti<\/option>\r\n        <option value=\"DM\">Dominica<\/option>\r\n        <option value=\"DO\">Dominican Republic<\/option>\r\n        <option value=\"TL\">East Timor<\/option>\r\n        <option value=\"EC\">Ecuador<\/option>\r\n        <option value=\"EG\">Egypt<\/option>\r\n        <option value=\"SV\">El Salvador<\/option>\r\n        <option value=\"GQ\">Equatorial Guinea<\/option>\r\n        <option value=\"ER\">Eritrea<\/option>\r\n        <option value=\"EE\">Estonia<\/option>\r\n        <option value=\"ET\">Ethiopia<\/option>\r\n        <option value=\"FK\">Falkland Islands<\/option>\r\n        <option value=\"FO\">Faroe Islands<\/option>\r\n        <option value=\"FJ\">Fiji<\/option>\r\n        <option value=\"FI\">Finland<\/option>\r\n        <option value=\"FR\">France<\/option>\r\n        <option value=\"GF\">French Guiana<\/option>\r\n        <option value=\"PF\">French Polynesia<\/option>\r\n        <option value=\"TF\">French Southern Territories<\/option>\r\n        <option value=\"GA\">Gabon<\/option>\r\n        <option value=\"GM\">Gambia<\/option>\r\n        <option value=\"GE\">Georgia<\/option>\r\n        <option value=\"DE\">Germany<\/option>\r\n        <option value=\"GH\">Ghana<\/option>\r\n        <option value=\"GI\">Gibraltar<\/option>\r\n        <option value=\"GR\">Greece<\/option>\r\n        <option value=\"GL\">Greenland<\/option>\r\n        <option value=\"GD\">Grenada<\/option>\r\n        <option value=\"GP\">Guadeloupe<\/option>\r\n        <option value=\"GU\">Guam<\/option>\r\n        <option value=\"GT\">Guatemala<\/option>\r\n        <option value=\"GG\">Guernsey<\/option>\r\n        <option value=\"GN\">Guinea<\/option>\r\n        <option value=\"GW\">Guinea-Bissau<\/option>\r\n        <option value=\"GY\">Guyana<\/option>\r\n        <option value=\"HT\">Haiti<\/option>\r\n        <option value=\"HM\">Heard Island and McDonald Islands<\/option>\r\n        <option value=\"HN\">Honduras<\/option>\r\n        <option value=\"HK\">Hong Kong<\/option>\r\n        <option value=\"HU\">Hungary<\/option>\r\n        <option value=\"IS\">Iceland<\/option>\r\n        <option value=\"IN\">India<\/option>\r\n        <option value=\"ID\">Indonesia<\/option>\r\n        <option value=\"IR\">Iran<\/option>\r\n        <option value=\"IQ\">Iraq<\/option>\r\n        <option value=\"IE\">Ireland<\/option>\r\n        <option value=\"IM\">Isle of Man<\/option>\r\n        <option value=\"IL\">Israel<\/option>\r\n        <option value=\"IT\">Italy<\/option>\r\n        <option value=\"CI\">Ivory Coast<\/option>\r\n        <option value=\"JM\">Jamaica<\/option>\r\n        <option value=\"JP\">Japan<\/option>\r\n        <option value=\"JE\">Jersey<\/option>\r\n        <option value=\"JO\">Jordan<\/option>\r\n        <option value=\"KZ\">Kazakhstan<\/option>\r\n        <option value=\"KE\">Kenya<\/option>\r\n        <option value=\"KI\">Kiribati<\/option>\r\n        <option value=\"XK\">Kosovo<\/option>\r\n        <option value=\"KW\">Kuwait<\/option>\r\n        <option value=\"KG\">Kyrgyzstan<\/option>\r\n        <option value=\"LA\">Laos<\/option>\r\n        <option value=\"LV\">Latvia<\/option>\r\n        <option value=\"LB\">Lebanon<\/option>\r\n        <option value=\"LS\">Lesotho<\/option>\r\n        <option value=\"LR\">Liberia<\/option>\r\n        <option value=\"LY\">Libya<\/option>\r\n        <option value=\"LI\">Liechtenstein<\/option>\r\n        <option value=\"LT\">Lithuania<\/option>\r\n        <option value=\"LU\">Luxembourg<\/option>\r\n        <option value=\"MO\">Macao<\/option>\r\n        <option value=\"MK\">Macedonia<\/option>\r\n        <option value=\"MG\">Madagascar<\/option>\r\n        <option value=\"MW\">Malawi<\/option>\r\n        <option value=\"MY\">Malaysia<\/option>\r\n        <option value=\"MV\">Maldives<\/option>\r\n        <option value=\"ML\">Mali<\/option>\r\n        <option value=\"MT\">Malta<\/option>\r\n        <option value=\"MH\">Marshall Islands<\/option>\r\n        <option value=\"MQ\">Martinique<\/option>\r\n        <option value=\"MR\">Mauritania<\/option>\r\n        <option value=\"MU\">Mauritius<\/option>\r\n        <option value=\"YT\">Mayotte<\/option>\r\n        <option value=\"MX\">Mexico<\/option>\r\n        <option value=\"FM\">Micronesia<\/option>\r\n        <option value=\"MD\">Moldova<\/option>\r\n        <option value=\"MC\">Monaco<\/option>\r\n        <option value=\"MN\">Mongolia<\/option>\r\n        <option value=\"ME\">Montenegro<\/option>\r\n        <option value=\"MS\">Montserrat<\/option>\r\n        <option value=\"MA\">Morocco<\/option>\r\n        <option value=\"MZ\">Mozambique<\/option>\r\n        <option value=\"MM\">Myanmar<\/option>\r\n        <option value=\"NA\">Namibia<\/option>\r\n        <option value=\"NR\">Nauru<\/option>\r\n        <option value=\"NP\">Nepal<\/option>\r\n        <option value=\"NL\">Netherlands<\/option>\r\n        <option value=\"NC\">New Caledonia<\/option>\r\n        <option value=\"NZ\">New Zealand<\/option>\r\n        <option value=\"NI\">Nicaragua<\/option>\r\n        <option value=\"NE\">Niger<\/option>\r\n        <option value=\"NG\">Nigeria<\/option>\r\n        <option value=\"NU\">Niue<\/option>\r\n        <option value=\"NF\">Norfolk Island<\/option>\r\n        <option value=\"KP\">North Korea<\/option>\r\n        <option value=\"MP\">Northern Mariana Islands<\/option>\r\n        <option value=\"NO\">Norway<\/option>\r\n        <option value=\"OM\">Oman<\/option>\r\n        <option value=\"PK\">Pakistan<\/option>\r\n        <option value=\"PW\">Palau<\/option>\r\n        <option value=\"PS\">Palestinian Territory<\/option>\r\n        <option value=\"PA\">Panama<\/option>\r\n        <option value=\"PG\">Papua New Guinea<\/option>\r\n        <option value=\"PY\">Paraguay<\/option>\r\n        <option value=\"PE\">Peru<\/option>\r\n        <option value=\"PH\">Philippines<\/option>\r\n        <option value=\"PN\">Pitcairn<\/option>\r\n        <option value=\"PL\">Poland<\/option>\r\n        <option value=\"PT\">Portugal<\/option>\r\n        <option value=\"PR\">Puerto Rico<\/option>\r\n        <option value=\"QA\">Qatar<\/option>\r\n        <option value=\"CG\">Republic of the Congo<\/option>\r\n        <option value=\"RE\">Reunion<\/option>\r\n        <option value=\"RO\">Romania<\/option>\r\n        <option value=\"RU\">Russia<\/option>\r\n        <option value=\"RW\">Rwanda<\/option>\r\n        <option value=\"BL\">Saint Barthelemy<\/option>\r\n        <option value=\"SH\">Saint Helena<\/option>\r\n        <option value=\"KN\">Saint Kitts and Nevis<\/option>\r\n        <option value=\"LC\">Saint Lucia<\/option>\r\n        <option value=\"MF\">Saint Martin<\/option>\r\n        <option value=\"PM\">Saint Pierre and Miquelon<\/option>\r\n        <option value=\"VC\">Saint Vincent and the Grenadines<\/option>\r\n        <option value=\"WS\">Samoa<\/option>\r\n        <option value=\"SM\">San Marino<\/option>\r\n        <option value=\"ST\">Sao Tome and Principe<\/option>\r\n        <option value=\"SA\">Saudi Arabia<\/option>\r\n        <option value=\"SN\">Senegal<\/option>\r\n        <option value=\"RS\">Serbia<\/option>\r\n        <option value=\"SC\">Seychelles<\/option>\r\n        <option value=\"SL\">Sierra Leone<\/option>\r\n        <option value=\"SG\">Singapore<\/option>\r\n        <option value=\"SX\">Sint Maarten<\/option>\r\n        <option value=\"SK\">Slovakia<\/option>\r\n        <option value=\"SI\">Slovenia<\/option>\r\n        <option value=\"SB\">Solomon Islands<\/option>\r\n        <option value=\"SO\">Somalia<\/option>\r\n        <option value=\"ZA\">South Africa<\/option>\r\n        <option value=\"GS\">South Georgia and the South Sandwich Islands<\/option>\r\n        <option value=\"KR\">South Korea<\/option>\r\n        <option value=\"SS\">South Sudan<\/option>\r\n        <option value=\"ES\">Spain<\/option>\r\n        <option value=\"LK\">Sri Lanka<\/option>\r\n        <option value=\"SD\">Sudan<\/option>\r\n        <option value=\"SR\">Suriname<\/option>\r\n        <option value=\"SJ\">Svalbard and Jan Mayen<\/option>\r\n        <option value=\"SZ\">Swaziland<\/option>\r\n        <option value=\"SE\">Sweden<\/option>\r\n        <option value=\"CH\">Switzerland<\/option>\r\n        <option value=\"SY\">Syria<\/option>\r\n        <option value=\"TW\">Taiwan<\/option>\r\n        <option value=\"TJ\">Tajikistan<\/option>\r\n        <option value=\"TZ\">Tanzania<\/option>\r\n        <option value=\"TH\">Thailand<\/option>\r\n        <option value=\"TG\">Togo<\/option>\r\n        <option value=\"TK\">Tokelau<\/option>\r\n        <option value=\"TO\">Tonga<\/option>\r\n        <option value=\"TT\">Trinidad and Tobago<\/option>\r\n        <option value=\"TN\">Tunisia<\/option>\r\n        <option value=\"TR\">Turkey<\/option>\r\n        <option value=\"TM\">Turkmenistan<\/option>\r\n        <option value=\"TC\">Turks and Caicos Islands<\/option>\r\n        <option value=\"TV\">Tuvalu<\/option>\r\n        <option value=\"VI\">U.S. Virgin Islands<\/option>\r\n        <option value=\"UG\">Uganda<\/option>\r\n        <option value=\"UA\">Ukraine<\/option>\r\n        <option value=\"AE\">United Arab Emirates<\/option>\r\n        <option value=\"GB\">United Kingdom<\/option>\r\n        <option value=\"US\">United States<\/option>\r\n        <option value=\"UM\">United States Minor Outlying Islands<\/option>\r\n        <option value=\"UY\">Uruguay<\/option>\r\n        <option value=\"UZ\">Uzbekistan<\/option>\r\n        <option value=\"VU\">Vanuatu<\/option>\r\n        <option value=\"VA\">Vatican<\/option>\r\n        <option value=\"VE\">Venezuela<\/option>\r\n        <option value=\"VN\">Vietnam<\/option>\r\n        <option value=\"WF\">Wallis and Futuna<\/option>\r\n        <option value=\"EH\">Western Sahara<\/option>\r\n        <option value=\"YE\">Yemen<\/option>\r\n        <option value=\"ZM\">Zambia<\/option>\r\n        <option value=\"ZW\">Zimbabwe<\/option>\r\n<\/select>\r\n\r\n<p>\r\n<label>Email <\/label>\r\n<\/p>\r\n<p>\r\n<input type=\"email\" name=\"EMAIL\" placeholder=\"your email\" required=\"\" \/>\r\n<\/p>\r\n<input type=\"submit\" value=\"Subscribe\" \/>\r\n\r\n<\/div><label style=\"display: none !important;\">Leave this field empty if you're human: <input type=\"text\" name=\"_mc4wp_honeypot\" value=\"\" tabindex=\"-1\" autocomplete=\"off\" \/><\/label><input type=\"hidden\" name=\"_mc4wp_timestamp\" value=\"1777624900\" \/><input type=\"hidden\" name=\"_mc4wp_form_id\" value=\"172\" \/><input type=\"hidden\" name=\"_mc4wp_form_element_id\" value=\"mc4wp-form-1\" \/><div class=\"mc4wp-response\"><\/div><\/form><!-- \/ Mailchimp for WordPress Plugin -->\n<\/p><div class=\"wpcf7-response-output\" aria-hidden=\"true\"><\/div>\n<input type=\"hidden\" name=\"trp-form-language\" value=\"en\"\/><\/form>\n<\/div>\n\t\t\t\t<\/div>\n\t\t\t\t<\/div>\n\t\t\t\t\t<\/div>\n\t\t<\/div>\n\t\t\t\t<div class=\"elementor-column elementor-col-50 elementor-inner-column elementor-element elementor-element-f8adea6 sc_layouts_hide_on_mobile sc_inner_width_none sc_content_align_inherit sc_layouts_column_icons_position_left\" data-id=\"f8adea6\" data-element_type=\"column\">\n\t\t\t<div class=\"elementor-widget-wrap\">\n\t\t\t\t\t\t\t<\/div>\n\t\t<\/div>\n\t\t\t\t\t<\/div>\n\t\t<\/section>\n\t\t\t\t<div class=\"elementor-element elementor-element-0227b21 sc_fly_static elementor-widget elementor-widget-spacer\" data-id=\"0227b21\" data-element_type=\"widget\" data-widget_type=\"spacer.default\">\n\t\t\t\t<div class=\"elementor-widget-container\">\n\t\t\t\t\t\t\t<div class=\"elementor-spacer\">\n\t\t\t<div class=\"elementor-spacer-inner\"><\/div>\n\t\t<\/div>\n\t\t\t\t\t\t<\/div>\n\t\t\t\t<\/div>\n\t\t\t\t\t<\/div>\n\t\t<\/div>\n\t\t\t\t\t<\/div>\n\t\t<\/section>\n\t\t\t\t<\/div>","protected":false},"excerpt":{"rendered":"<p>Vous avez des questions? Adresse 5785 boulevard des Laurentides (suite 200), Laval , QC, Canada T\u00e9l\u00e9phone (450)736-0933 Courriel info@amistad-pir.org N&rsquo;h\u00e9sitez pas \u00e0 nous contacter en remplissant le formulaire ci-dessous! Notre \u00e9quipe se fera un plaisir de vous r\u00e9pondre pour \u00e9changer avec vous.\u00a0<\/p>","protected":false},"author":1,"featured_media":0,"parent":0,"menu_order":0,"comment_status":"closed","ping_status":"closed","template":"","meta":{"give_campaign_id":0,"footnotes":""},"class_list":["post-43","page","type-page","status-publish","hentry"],"campaignId":"","_links":{"self":[{"href":"http:\/\/amistad-pir.ca\/en\/wp-json\/wp\/v2\/pages\/43","targetHints":{"allow":["GET"]}}],"collection":[{"href":"http:\/\/amistad-pir.ca\/en\/wp-json\/wp\/v2\/pages"}],"about":[{"href":"http:\/\/amistad-pir.ca\/en\/wp-json\/wp\/v2\/types\/page"}],"author":[{"embeddable":true,"href":"http:\/\/amistad-pir.ca\/en\/wp-json\/wp\/v2\/users\/1"}],"replies":[{"embeddable":true,"href":"http:\/\/amistad-pir.ca\/en\/wp-json\/wp\/v2\/comments?post=43"}],"version-history":[{"count":16,"href":"http:\/\/amistad-pir.ca\/en\/wp-json\/wp\/v2\/pages\/43\/revisions"}],"predecessor-version":[{"id":667,"href":"http:\/\/amistad-pir.ca\/en\/wp-json\/wp\/v2\/pages\/43\/revisions\/667"}],"wp:attachment":[{"href":"http:\/\/amistad-pir.ca\/en\/wp-json\/wp\/v2\/media?parent=43"}],"curies":[{"name":"wp","href":"https:\/\/api.w.org\/{rel}","templated":true}]}}